{"id":582,"date":"2024-12-20T07:32:18","date_gmt":"2024-12-19T23:32:18","guid":{"rendered":"https:\/\/visas-indonesia.com\/?post_type=product&#038;p=582"},"modified":"2025-09-30T15:59:34","modified_gmt":"2025-09-30T07:59:34","slug":"artist-performer-visa-30-days","status":"publish","type":"product","link":"https:\/\/visas-indonesia.com\/de\/produkt\/artist-performer-visa-30-days\/","title":{"rendered":"C7 Artist &#038; Perfomer Visa"},"content":{"rendered":"<div class=\"row\"  id=\"row-1668355634\">\n\n\t<div id=\"col-772380087\" class=\"col small-12 large-12\"  >\n\t\t\t\t<div class=\"col-inner\"  >\n\t\t\t\n\t\t\t\n<div class=\"accordion\">\r\n\r\n\t<div id=\"accordion-2596507952\" class=\"accordion-item\">\n\t\t<a id=\"accordion-2596507952-label\" class=\"accordion-title plain\" href=\"#accordion-item-details-f\u00fcr-c7-&#038;-voraussetzungen\" aria-expanded=\"false\" aria-controls=\"accordion-2596507952-content\" >\n\t\t\t<button class=\"toggle\" aria-label=\"Umschalten\"><i class=\"icon-angle-down\"><\/i><\/button>\n\t\t\t<span>Details f\u00fcr C7 &amp; Voraussetzungen<\/span>\n\t\t<\/a>\n\t\t<div id=\"accordion-2596507952-content\" class=\"accordion-inner\" aria-labelledby=\"accordion-2596507952-label\" >\n\t\t\t\r\n\r\n<h1>Aufenthalt<\/h1>\r\n<p><strong>Bis zu 30 Tage (nicht verl\u00e4ngerbar)<\/strong><\/p>\r\n<h2>Mit diesem Visum d\u00fcrfen Sie:<\/h2>\r\n<ul>\r\n<li>Arbeiten im Bereich Kunst, Kultur und F\u00e4higkeiten zeigen, ausstellen oder vorf\u00fchren<\/li>\r\n<li>Als Koch t\u00e4tig sein<\/li>\r\n<li>Yoga unterrichten<\/li>\r\n<li>Getr\u00e4nke mixen, servieren und ausschenken (Bartending)<\/li>\r\n<li>Fotografie betreiben<\/li>\r\n<\/ul>\r\n<h2>Sie m\u00fcssen:<\/h2>\r\n<ul>\r\n<li>Lokale Sitten, Kultur und Weisheiten respektieren<\/li>\r\n<li>Alle Visabedingungen und indonesischen Gesetze einhalten<\/li>\r\n<li>\u00dcber ausreichende finanzielle Mittel f\u00fcr den Lebensunterhalt w\u00e4hrend des Aufenthalts in Indonesien verf\u00fcgen<\/li>\r\n<\/ul>\r\n<h2>Weitere Informationen:<\/h2>\r\n<ul>\r\n<li>Ein Aufenthalt \u00fcber die erlaubte Aufenthaltsdauer hinaus, die Aus\u00fcbung verbotener T\u00e4tigkeiten, das Nichteinhalten der Visabedingungen und\/oder der indonesischen Gesetze kann zu Geldstrafen, Abschiebung und\/oder weiteren rechtlichen Konsequenzen f\u00fchren.<\/li>\r\n<li>Ein Aufenthalt \u00fcber die Dauer Ihrer Aufenthaltserlaubnis hinaus ist verboten.<\/li>\r\n<li>Der Verkauf von Waren oder Dienstleistungen ist untersagt.<\/li>\r\n<li>Eine Besch\u00e4ftigung in einem Arbeitsverh\u00e4ltnis mit einer nat\u00fcrlichen oder juristischen Person in Indonesien ist nicht erlaubt.<\/li>\r\n<li>Das Vorf\u00fchren von Kunst, Kultur oder Verhaltensweisen, die nicht den geltenden Vorschriften oder Normen entsprechen, ist verboten.<\/li>\r\n<\/ul>\r\n<h2>Erforderliche Dokumente:<\/h2>\r\n<ul>\r\n<li>Reisepass mit mindestens 6 Monaten G\u00fcltigkeit (f\u00fcr Inhaber von Reisedokumenten wie Notfallp\u00e4ssen, Identit\u00e4tsdokumenten usw. mindestens 12 Monate g\u00fcltig).<\/li>\r\n<li>Pers\u00f6nlicher Kontoauszug der letzten 3 Monate mit einem Mindestguthaben von USD $2000 oder entsprechendem Betrag (inkl. Name, Zeitraum und Kontostand).<\/li>\r\n<li>Aktuelles Farbfoto.<\/li>\r\n<li>B\u00fcrgschaftsschreiben des Veranstalters.<\/li>\r\n<li>Visumantrag des Impressariats und der Kooperationsvertrag des K\u00fcnstlers mit dem Veranstalter.<\/li>\r\n<\/ul>\r\n<h2>Visag\u00fcltigkeit:<\/h2>\r\n<p>Dieses Visum muss innerhalb von 90 Tagen ab Ausstellungsdatum genutzt werden.<\/p>\r\n<p>Bitte beachten Sie, dass sich die Visag\u00fcltigkeit von der Aufenthaltsdauer unterscheidet. Die Aufenthaltsdauer entnehmen Sie bitte Ihrem Visum.<\/p>\r\n\r\n\t\t<\/div>\n\t<\/div>\n\t\r\n\r\n<\/div>\r\n\n\t\t<\/div>\n\t\t\t\t\t<\/div>\n\n\t\n<\/div>\n","protected":false},"excerpt":{"rendered":"<p>Application Service: Visit e-Visa C-7 Artist &amp; Performer Visa<\/p>\n<ul>\n<li><strong>Visit Visa: Show, display, or perform related to art, culture, and skills. Cooking as a chef. Teaching yoga. Bartending. Photography.<\/strong><\/li>\n<li><strong>30 Days Validity<\/strong><\/li>\n<li><strong>Single Entry<\/strong><\/li>\n<li><strong>Apply while outside Indonesia (offshore)<\/strong><\/li>\n<li><strong>Application Assistance handled by PT Bali Wisata Baik<\/strong><\/li>\n<\/ul>\n","protected":false},"featured_media":950,"template":"","meta":[],"product_brand":[],"product_cat":[18],"product_tag":[25],"class_list":{"0":"post-582","1":"product","2":"type-product","3":"status-publish","4":"has-post-thumbnail","6":"product_cat-c-visa-application-service","7":"product_tag-visa-application","9":"first","10":"instock","11":"sold-individually","12":"shipping-taxable","13":"purchasable","14":"product-type-variable"},"yoast_head":"<!-- This site is optimized with the Yoast SEO plugin v27.3 - https:\/\/yoast.com\/product\/yoast-seo-wordpress\/ -->\n<title>Bali Visa Indonesia C7, Yoga Teachers, Artists Photographers | Application Service<\/title>\n<meta name=\"description\" content=\"Assisted Application Service for 30day Visit Visas for Bali \/ Indonesia. Travel Purpose Artist &amp; performer Yoga Teacher, Photographer, Bartender, Chef\" \/>\n<meta name=\"robots\" content=\"index, follow, max-snippet:-1, max-image-preview:large, max-video-preview:-1\" \/>\n<link rel=\"canonical\" href=\"https:\/\/visas-indonesia.com\/product\/artist-performer-visa-30-days\/\" \/>\n<meta property=\"og:locale\" content=\"de_DE\" \/>\n<meta property=\"og:type\" content=\"article\" \/>\n<meta property=\"og:title\" content=\"Bali Visa Indonesia C7, Yoga Teachers, Artists Photographers | Application Service\" \/>\n<meta property=\"og:description\" content=\"Assisted Application Service for 30day Visit Visas for Bali \/ Indonesia. Travel Purpose Artist &amp; performer Yoga Teacher, Photographer, Bartender, Chef\" \/>\n<meta property=\"og:url\" content=\"https:\/\/visas-indonesia.com\/product\/artist-performer-visa-30-days\/\" \/>\n<meta property=\"og:site_name\" content=\"Visas for Indonesia\" \/>\n<meta property=\"article:modified_time\" content=\"2025-09-30T07:59:34+00:00\" \/>\n<meta property=\"og:image\" content=\"https:\/\/visas-indonesia.com\/wp-content\/uploads\/2024\/12\/visit-visa-indonesia-60days-artist-c-7.jpg\" \/>\n\t<meta property=\"og:image:width\" content=\"640\" \/>\n\t<meta property=\"og:image:height\" content=\"640\" \/>\n\t<meta property=\"og:image:type\" content=\"image\/jpeg\" \/>\n<meta name=\"twitter:card\" content=\"summary_large_image\" \/>\n<meta name=\"twitter:label1\" content=\"Est. reading time\" \/>\n\t<meta name=\"twitter:data1\" content=\"1\u00a0Minute\" \/>\n<script type=\"application\/ld+json\" class=\"yoast-schema-graph\">{\"@context\":\"https:\\\/\\\/schema.org\",\"@graph\":[{\"@type\":\"WebPage\",\"@id\":\"https:\\\/\\\/visas-indonesia.com\\\/product\\\/artist-performer-visa-30-days\\\/\",\"url\":\"https:\\\/\\\/visas-indonesia.com\\\/product\\\/artist-performer-visa-30-days\\\/\",\"name\":\"Bali Visa Indonesia C7, Yoga Teachers, Artists Photographers | Application Service\",\"isPartOf\":{\"@id\":\"https:\\\/\\\/visas-indonesia.com\\\/#website\"},\"primaryImageOfPage\":{\"@id\":\"https:\\\/\\\/visas-indonesia.com\\\/product\\\/artist-performer-visa-30-days\\\/#primaryimage\"},\"image\":{\"@id\":\"https:\\\/\\\/visas-indonesia.com\\\/product\\\/artist-performer-visa-30-days\\\/#primaryimage\"},\"thumbnailUrl\":\"https:\\\/\\\/visas-indonesia.com\\\/wp-content\\\/uploads\\\/2024\\\/12\\\/visit-visa-indonesia-60days-artist-c-7.jpg\",\"datePublished\":\"2024-12-19T23:32:18+00:00\",\"dateModified\":\"2025-09-30T07:59:34+00:00\",\"description\":\"Assisted Application Service for 30day Visit Visas for Bali \\\/ Indonesia. Travel Purpose Artist & performer Yoga Teacher, Photographer, Bartender, Chef\",\"breadcrumb\":{\"@id\":\"https:\\\/\\\/visas-indonesia.com\\\/product\\\/artist-performer-visa-30-days\\\/#breadcrumb\"},\"inLanguage\":\"de\",\"potentialAction\":[{\"@type\":\"ReadAction\",\"target\":[\"https:\\\/\\\/visas-indonesia.com\\\/product\\\/artist-performer-visa-30-days\\\/\"]}]},{\"@type\":\"ImageObject\",\"inLanguage\":\"de\",\"@id\":\"https:\\\/\\\/visas-indonesia.com\\\/product\\\/artist-performer-visa-30-days\\\/#primaryimage\",\"url\":\"https:\\\/\\\/visas-indonesia.com\\\/wp-content\\\/uploads\\\/2024\\\/12\\\/visit-visa-indonesia-60days-artist-c-7.jpg\",\"contentUrl\":\"https:\\\/\\\/visas-indonesia.com\\\/wp-content\\\/uploads\\\/2024\\\/12\\\/visit-visa-indonesia-60days-artist-c-7.jpg\",\"width\":640,\"height\":640,\"caption\":\"visa for yoga teachers bali indonesia application\"},{\"@type\":\"BreadcrumbList\",\"@id\":\"https:\\\/\\\/visas-indonesia.com\\\/product\\\/artist-performer-visa-30-days\\\/#breadcrumb\",\"itemListElement\":[{\"@type\":\"ListItem\",\"position\":1,\"name\":\"Home\",\"item\":\"https:\\\/\\\/visas-indonesia.com\\\/de\\\/\"},{\"@type\":\"ListItem\",\"position\":2,\"name\":\"Visas\",\"item\":\"https:\\\/\\\/visas-indonesia.com\\\/visas\\\/\"},{\"@type\":\"ListItem\",\"position\":3,\"name\":\"C7 Artist &#038; Perfomer Visa\"}]},{\"@type\":\"WebSite\",\"@id\":\"https:\\\/\\\/visas-indonesia.com\\\/#website\",\"url\":\"https:\\\/\\\/visas-indonesia.com\\\/\",\"name\":\"Visas for Indonesia\",\"description\":\"\",\"potentialAction\":[{\"@type\":\"SearchAction\",\"target\":{\"@type\":\"EntryPoint\",\"urlTemplate\":\"https:\\\/\\\/visas-indonesia.com\\\/?s={search_term_string}\"},\"query-input\":{\"@type\":\"PropertyValueSpecification\",\"valueRequired\":true,\"valueName\":\"search_term_string\"}}],\"inLanguage\":\"de\"}]}<\/script>\n<!-- \/ Yoast SEO plugin. -->","yoast_head_json":{"title":"Bali Visa Indonesia C7, Yoga Teachers, Artists Photographers | Application Service","description":"Assisted Application Service for 30day Visit Visas for Bali \/ Indonesia. Travel Purpose Artist & performer Yoga Teacher, Photographer, Bartender, Chef","robots":{"index":"index","follow":"follow","max-snippet":"max-snippet:-1","max-image-preview":"max-image-preview:large","max-video-preview":"max-video-preview:-1"},"canonical":"https:\/\/visas-indonesia.com\/product\/artist-performer-visa-30-days\/","og_locale":"de_DE","og_type":"article","og_title":"Bali Visa Indonesia C7, Yoga Teachers, Artists Photographers | Application Service","og_description":"Assisted Application Service for 30day Visit Visas for Bali \/ Indonesia. Travel Purpose Artist & performer Yoga Teacher, Photographer, Bartender, Chef","og_url":"https:\/\/visas-indonesia.com\/product\/artist-performer-visa-30-days\/","og_site_name":"Visas for Indonesia","article_modified_time":"2025-09-30T07:59:34+00:00","og_image":[{"width":640,"height":640,"url":"https:\/\/visas-indonesia.com\/wp-content\/uploads\/2024\/12\/visit-visa-indonesia-60days-artist-c-7.jpg","type":"image\/jpeg"}],"twitter_card":"summary_large_image","twitter_misc":{"Est. reading time":"1\u00a0Minute"},"schema":{"@context":"https:\/\/schema.org","@graph":[{"@type":"WebPage","@id":"https:\/\/visas-indonesia.com\/product\/artist-performer-visa-30-days\/","url":"https:\/\/visas-indonesia.com\/product\/artist-performer-visa-30-days\/","name":"Bali Visa Indonesia C7, Yoga Teachers, Artists Photographers | Application Service","isPartOf":{"@id":"https:\/\/visas-indonesia.com\/#website"},"primaryImageOfPage":{"@id":"https:\/\/visas-indonesia.com\/product\/artist-performer-visa-30-days\/#primaryimage"},"image":{"@id":"https:\/\/visas-indonesia.com\/product\/artist-performer-visa-30-days\/#primaryimage"},"thumbnailUrl":"https:\/\/visas-indonesia.com\/wp-content\/uploads\/2024\/12\/visit-visa-indonesia-60days-artist-c-7.jpg","datePublished":"2024-12-19T23:32:18+00:00","dateModified":"2025-09-30T07:59:34+00:00","description":"Assisted Application Service for 30day Visit Visas for Bali \/ Indonesia. Travel Purpose Artist & performer Yoga Teacher, Photographer, Bartender, Chef","breadcrumb":{"@id":"https:\/\/visas-indonesia.com\/product\/artist-performer-visa-30-days\/#breadcrumb"},"inLanguage":"de","potentialAction":[{"@type":"ReadAction","target":["https:\/\/visas-indonesia.com\/product\/artist-performer-visa-30-days\/"]}]},{"@type":"ImageObject","inLanguage":"de","@id":"https:\/\/visas-indonesia.com\/product\/artist-performer-visa-30-days\/#primaryimage","url":"https:\/\/visas-indonesia.com\/wp-content\/uploads\/2024\/12\/visit-visa-indonesia-60days-artist-c-7.jpg","contentUrl":"https:\/\/visas-indonesia.com\/wp-content\/uploads\/2024\/12\/visit-visa-indonesia-60days-artist-c-7.jpg","width":640,"height":640,"caption":"visa for yoga teachers bali indonesia application"},{"@type":"BreadcrumbList","@id":"https:\/\/visas-indonesia.com\/product\/artist-performer-visa-30-days\/#breadcrumb","itemListElement":[{"@type":"ListItem","position":1,"name":"Home","item":"https:\/\/visas-indonesia.com\/de\/"},{"@type":"ListItem","position":2,"name":"Visas","item":"https:\/\/visas-indonesia.com\/visas\/"},{"@type":"ListItem","position":3,"name":"C7 Artist &#038; Perfomer Visa"}]},{"@type":"WebSite","@id":"https:\/\/visas-indonesia.com\/#website","url":"https:\/\/visas-indonesia.com\/","name":"Visas for Indonesia","description":"","potentialAction":[{"@type":"SearchAction","target":{"@type":"EntryPoint","urlTemplate":"https:\/\/visas-indonesia.com\/?s={search_term_string}"},"query-input":{"@type":"PropertyValueSpecification","valueRequired":true,"valueName":"search_term_string"}}],"inLanguage":"de"}]}},"_links":{"self":[{"href":"https:\/\/visas-indonesia.com\/de\/wp-json\/wp\/v2\/product\/582","targetHints":{"allow":["GET"]}}],"collection":[{"href":"https:\/\/visas-indonesia.com\/de\/wp-json\/wp\/v2\/product"}],"about":[{"href":"https:\/\/visas-indonesia.com\/de\/wp-json\/wp\/v2\/types\/product"}],"wp:featuredmedia":[{"embeddable":true,"href":"https:\/\/visas-indonesia.com\/de\/wp-json\/wp\/v2\/media\/950"}],"wp:attachment":[{"href":"https:\/\/visas-indonesia.com\/de\/wp-json\/wp\/v2\/media?parent=582"}],"wp:term":[{"taxonomy":"product_brand","embeddable":true,"href":"https:\/\/visas-indonesia.com\/de\/wp-json\/wp\/v2\/product_brand?post=582"},{"taxonomy":"product_cat","embeddable":true,"href":"https:\/\/visas-indonesia.com\/de\/wp-json\/wp\/v2\/product_cat?post=582"},{"taxonomy":"product_tag","embeddable":true,"href":"https:\/\/visas-indonesia.com\/de\/wp-json\/wp\/v2\/product_tag?post=582"}],"curies":[{"name":"wp","href":"https:\/\/api.w.org\/{rel}","templated":true}]}}