{"id":4003,"date":"2024-12-05T10:53:52","date_gmt":"2024-12-05T02:53:52","guid":{"rendered":"https:\/\/visas-indonesia.com\/product\/tourist-visa-extension-service-b-voa\/"},"modified":"2025-05-27T18:19:52","modified_gmt":"2025-05-27T10:19:52","slug":"tourist-visa-extension-service-b-voa","status":"publish","type":"product","link":"https:\/\/visas-indonesia.com\/de\/produkt\/tourist-visa-extension-service-b-voa\/","title":{"rendered":"B1 Tourist Visa Verl\u00e4ngerung (Visa on Arrival &#8211; VoA)"},"content":{"rendered":"<p>Visa-Verl\u00e4ngerungsservice<br \/>\nAb Juni 2025 m\u00fcssen alle ausl\u00e4ndischen Staatsangeh\u00f6rigen pers\u00f6nlich zur \u00f6rtlichen Ausl\u00e4nderbeh\u00f6rde, um Visa- oder Aufenthaltserlaubnisverl\u00e4ngerungen zu beantragen \u2014 gem\u00e4\u00df Rundschreiben Nr. IMI-417.GR.01.01\/2025.<\/p>\n","protected":false},"excerpt":{"rendered":"<p>Visa-Verl\u00e4ngerungsservice: Touristenvisum plus 30 Tage (f\u00fcr Visa on Arrival oder VoA, eVisa) \u2013 B-Typ<\/p>\n<ul>\n<li><strong>F\u00fcgen Sie Ihrem Touristenvisum 30 Tage G\u00fcltigkeit hinzu<\/strong><\/li>\n<li><strong>Bearbeitungszeit 10 Werktage<\/strong><\/li>\n<li><strong>Express-Service verf\u00fcgbar (5 Werktage)<\/strong><\/li>\n<li><strong>Ab Juni 2025 m\u00fcssen alle ausl\u00e4ndischen Staatsangeh\u00f6rigen pers\u00f6nlich zur \u00f6rtlichen Ausl\u00e4nderbeh\u00f6rde, um Visa- oder Aufenthaltserlaubnisverl\u00e4ngerungen zu beantragen \u2014 gem\u00e4\u00df Rundschreiben Nr. IMI-417.GR.01.01\/2025.<\/strong><\/li>\n<li><strong>Unterst\u00fctzung durch PT Bali Wisata Baik<\/strong><\/li>\n<\/ul>\n","protected":false},"featured_media":2514,"template":"","meta":[],"product_brand":[],"product_cat":[43],"product_tag":[44,45],"class_list":{"0":"post-4003","1":"product","2":"type-product","3":"status-publish","4":"has-post-thumbnail","6":"product_cat-visa-application-service-de","7":"product_tag-mandatory-de","8":"product_tag-visa-extension-de","10":"first","11":"instock","12":"sold-individually","13":"shipping-taxable","14":"purchasable","15":"product-type-variable"},"yoast_head":"<!-- This site is optimized with the Yoast SEO plugin v27.3 - https:\/\/yoast.com\/product\/yoast-seo-wordpress\/ -->\n<title>Indonesien Visum Verl\u00e4ngern \u2013 B1 VoA &amp; Touristen-eVisa<\/title>\n<meta name=\"description\" content=\"Visa on arrival B1 Verl\u00e4ngern. Extension Service f\u00fcr B1 Visa on Arrival &amp; B-Typ eVisum. Schnell, zuverl\u00e4ssig &amp; sicher mit Expertenhilfe.\" \/>\n<meta name=\"robots\" content=\"index, follow, max-snippet:-1, max-image-preview:large, max-video-preview:-1\" \/>\n<link rel=\"canonical\" href=\"https:\/\/visas-indonesia.com\/de\/produkt\/tourist-visa-extension-service-b-voa\/\" \/>\n<meta property=\"og:locale\" content=\"de_DE\" \/>\n<meta property=\"og:type\" content=\"article\" \/>\n<meta property=\"og:title\" content=\"Indonesien Visum Verl\u00e4ngern \u2013 B1 VoA &amp; Touristen-eVisa\" \/>\n<meta property=\"og:description\" content=\"Visa on arrival B1 Verl\u00e4ngern. Extension Service f\u00fcr B1 Visa on Arrival &amp; B-Typ eVisum. Schnell, zuverl\u00e4ssig &amp; sicher mit Expertenhilfe.\" \/>\n<meta property=\"og:url\" content=\"https:\/\/visas-indonesia.com\/de\/produkt\/tourist-visa-extension-service-b-voa\/\" \/>\n<meta property=\"og:site_name\" content=\"Visas for Indonesia\" \/>\n<meta property=\"article:modified_time\" content=\"2025-05-27T10:19:52+00:00\" \/>\n<meta property=\"og:image\" content=\"https:\/\/visas-indonesia.com\/wp-content\/uploads\/2024\/12\/tourist-visa-extension-b1-visa-on-arrival.jpg\" \/>\n\t<meta property=\"og:image:width\" content=\"640\" \/>\n\t<meta property=\"og:image:height\" content=\"640\" \/>\n\t<meta property=\"og:image:type\" content=\"image\/jpeg\" \/>\n<meta name=\"twitter:card\" content=\"summary_large_image\" \/>\n<meta name=\"twitter:label1\" content=\"Est. reading time\" \/>\n\t<meta name=\"twitter:data1\" content=\"1\u00a0Minute\" \/>\n<script type=\"application\/ld+json\" class=\"yoast-schema-graph\">{\"@context\":\"https:\\\/\\\/schema.org\",\"@graph\":[{\"@type\":\"WebPage\",\"@id\":\"https:\\\/\\\/visas-indonesia.com\\\/de\\\/produkt\\\/tourist-visa-extension-service-b-voa\\\/\",\"url\":\"https:\\\/\\\/visas-indonesia.com\\\/de\\\/produkt\\\/tourist-visa-extension-service-b-voa\\\/\",\"name\":\"Indonesien Visum Verl\u00e4ngern \u2013 B1 VoA & Touristen-eVisa\",\"isPartOf\":{\"@id\":\"https:\\\/\\\/visas-indonesia.com\\\/#website\"},\"primaryImageOfPage\":{\"@id\":\"https:\\\/\\\/visas-indonesia.com\\\/de\\\/produkt\\\/tourist-visa-extension-service-b-voa\\\/#primaryimage\"},\"image\":{\"@id\":\"https:\\\/\\\/visas-indonesia.com\\\/de\\\/produkt\\\/tourist-visa-extension-service-b-voa\\\/#primaryimage\"},\"thumbnailUrl\":\"https:\\\/\\\/visas-indonesia.com\\\/wp-content\\\/uploads\\\/2024\\\/12\\\/tourist-visa-extension-b1-visa-on-arrival.jpg\",\"datePublished\":\"2024-12-05T02:53:52+00:00\",\"dateModified\":\"2025-05-27T10:19:52+00:00\",\"description\":\"Visa on arrival B1 Verl\u00e4ngern. Extension Service f\u00fcr B1 Visa on Arrival & B-Typ eVisum. Schnell, zuverl\u00e4ssig & sicher mit Expertenhilfe.\",\"breadcrumb\":{\"@id\":\"https:\\\/\\\/visas-indonesia.com\\\/de\\\/produkt\\\/tourist-visa-extension-service-b-voa\\\/#breadcrumb\"},\"inLanguage\":\"de\",\"potentialAction\":[{\"@type\":\"ReadAction\",\"target\":[\"https:\\\/\\\/visas-indonesia.com\\\/de\\\/produkt\\\/tourist-visa-extension-service-b-voa\\\/\"]}]},{\"@type\":\"ImageObject\",\"inLanguage\":\"de\",\"@id\":\"https:\\\/\\\/visas-indonesia.com\\\/de\\\/produkt\\\/tourist-visa-extension-service-b-voa\\\/#primaryimage\",\"url\":\"https:\\\/\\\/visas-indonesia.com\\\/wp-content\\\/uploads\\\/2024\\\/12\\\/tourist-visa-extension-b1-visa-on-arrival.jpg\",\"contentUrl\":\"https:\\\/\\\/visas-indonesia.com\\\/wp-content\\\/uploads\\\/2024\\\/12\\\/tourist-visa-extension-b1-visa-on-arrival.jpg\",\"width\":640,\"height\":640},{\"@type\":\"BreadcrumbList\",\"@id\":\"https:\\\/\\\/visas-indonesia.com\\\/de\\\/produkt\\\/tourist-visa-extension-service-b-voa\\\/#breadcrumb\",\"itemListElement\":[{\"@type\":\"ListItem\",\"position\":1,\"name\":\"Home\",\"item\":\"https:\\\/\\\/visas-indonesia.com\\\/de\\\/\"},{\"@type\":\"ListItem\",\"position\":2,\"name\":\"Visas\",\"item\":\"https:\\\/\\\/visas-indonesia.com\\\/visas\\\/\"},{\"@type\":\"ListItem\",\"position\":3,\"name\":\"B1 Tourist Visa Verl\u00e4ngerung (Visa on Arrival &#8211; VoA)\"}]},{\"@type\":\"WebSite\",\"@id\":\"https:\\\/\\\/visas-indonesia.com\\\/#website\",\"url\":\"https:\\\/\\\/visas-indonesia.com\\\/\",\"name\":\"Visas for Indonesia\",\"description\":\"\",\"potentialAction\":[{\"@type\":\"SearchAction\",\"target\":{\"@type\":\"EntryPoint\",\"urlTemplate\":\"https:\\\/\\\/visas-indonesia.com\\\/?s={search_term_string}\"},\"query-input\":{\"@type\":\"PropertyValueSpecification\",\"valueRequired\":true,\"valueName\":\"search_term_string\"}}],\"inLanguage\":\"de\"}]}<\/script>\n<!-- \/ Yoast SEO plugin. -->","yoast_head_json":{"title":"Indonesien Visum Verl\u00e4ngern \u2013 B1 VoA & Touristen-eVisa","description":"Visa on arrival B1 Verl\u00e4ngern. Extension Service f\u00fcr B1 Visa on Arrival & B-Typ eVisum. Schnell, zuverl\u00e4ssig & sicher mit Expertenhilfe.","robots":{"index":"index","follow":"follow","max-snippet":"max-snippet:-1","max-image-preview":"max-image-preview:large","max-video-preview":"max-video-preview:-1"},"canonical":"https:\/\/visas-indonesia.com\/de\/produkt\/tourist-visa-extension-service-b-voa\/","og_locale":"de_DE","og_type":"article","og_title":"Indonesien Visum Verl\u00e4ngern \u2013 B1 VoA & Touristen-eVisa","og_description":"Visa on arrival B1 Verl\u00e4ngern. Extension Service f\u00fcr B1 Visa on Arrival & B-Typ eVisum. Schnell, zuverl\u00e4ssig & sicher mit Expertenhilfe.","og_url":"https:\/\/visas-indonesia.com\/de\/produkt\/tourist-visa-extension-service-b-voa\/","og_site_name":"Visas for Indonesia","article_modified_time":"2025-05-27T10:19:52+00:00","og_image":[{"width":640,"height":640,"url":"https:\/\/visas-indonesia.com\/wp-content\/uploads\/2024\/12\/tourist-visa-extension-b1-visa-on-arrival.jpg","type":"image\/jpeg"}],"twitter_card":"summary_large_image","twitter_misc":{"Est. reading time":"1\u00a0Minute"},"schema":{"@context":"https:\/\/schema.org","@graph":[{"@type":"WebPage","@id":"https:\/\/visas-indonesia.com\/de\/produkt\/tourist-visa-extension-service-b-voa\/","url":"https:\/\/visas-indonesia.com\/de\/produkt\/tourist-visa-extension-service-b-voa\/","name":"Indonesien Visum Verl\u00e4ngern \u2013 B1 VoA & Touristen-eVisa","isPartOf":{"@id":"https:\/\/visas-indonesia.com\/#website"},"primaryImageOfPage":{"@id":"https:\/\/visas-indonesia.com\/de\/produkt\/tourist-visa-extension-service-b-voa\/#primaryimage"},"image":{"@id":"https:\/\/visas-indonesia.com\/de\/produkt\/tourist-visa-extension-service-b-voa\/#primaryimage"},"thumbnailUrl":"https:\/\/visas-indonesia.com\/wp-content\/uploads\/2024\/12\/tourist-visa-extension-b1-visa-on-arrival.jpg","datePublished":"2024-12-05T02:53:52+00:00","dateModified":"2025-05-27T10:19:52+00:00","description":"Visa on arrival B1 Verl\u00e4ngern. Extension Service f\u00fcr B1 Visa on Arrival & B-Typ eVisum. Schnell, zuverl\u00e4ssig & sicher mit Expertenhilfe.","breadcrumb":{"@id":"https:\/\/visas-indonesia.com\/de\/produkt\/tourist-visa-extension-service-b-voa\/#breadcrumb"},"inLanguage":"de","potentialAction":[{"@type":"ReadAction","target":["https:\/\/visas-indonesia.com\/de\/produkt\/tourist-visa-extension-service-b-voa\/"]}]},{"@type":"ImageObject","inLanguage":"de","@id":"https:\/\/visas-indonesia.com\/de\/produkt\/tourist-visa-extension-service-b-voa\/#primaryimage","url":"https:\/\/visas-indonesia.com\/wp-content\/uploads\/2024\/12\/tourist-visa-extension-b1-visa-on-arrival.jpg","contentUrl":"https:\/\/visas-indonesia.com\/wp-content\/uploads\/2024\/12\/tourist-visa-extension-b1-visa-on-arrival.jpg","width":640,"height":640},{"@type":"BreadcrumbList","@id":"https:\/\/visas-indonesia.com\/de\/produkt\/tourist-visa-extension-service-b-voa\/#breadcrumb","itemListElement":[{"@type":"ListItem","position":1,"name":"Home","item":"https:\/\/visas-indonesia.com\/de\/"},{"@type":"ListItem","position":2,"name":"Visas","item":"https:\/\/visas-indonesia.com\/visas\/"},{"@type":"ListItem","position":3,"name":"B1 Tourist Visa Verl\u00e4ngerung (Visa on Arrival &#8211; VoA)"}]},{"@type":"WebSite","@id":"https:\/\/visas-indonesia.com\/#website","url":"https:\/\/visas-indonesia.com\/","name":"Visas for Indonesia","description":"","potentialAction":[{"@type":"SearchAction","target":{"@type":"EntryPoint","urlTemplate":"https:\/\/visas-indonesia.com\/?s={search_term_string}"},"query-input":{"@type":"PropertyValueSpecification","valueRequired":true,"valueName":"search_term_string"}}],"inLanguage":"de"}]}},"_links":{"self":[{"href":"https:\/\/visas-indonesia.com\/de\/wp-json\/wp\/v2\/product\/4003","targetHints":{"allow":["GET"]}}],"collection":[{"href":"https:\/\/visas-indonesia.com\/de\/wp-json\/wp\/v2\/product"}],"about":[{"href":"https:\/\/visas-indonesia.com\/de\/wp-json\/wp\/v2\/types\/product"}],"wp:featuredmedia":[{"embeddable":true,"href":"https:\/\/visas-indonesia.com\/de\/wp-json\/wp\/v2\/media\/2514"}],"wp:attachment":[{"href":"https:\/\/visas-indonesia.com\/de\/wp-json\/wp\/v2\/media?parent=4003"}],"wp:term":[{"taxonomy":"product_brand","embeddable":true,"href":"https:\/\/visas-indonesia.com\/de\/wp-json\/wp\/v2\/product_brand?post=4003"},{"taxonomy":"product_cat","embeddable":true,"href":"https:\/\/visas-indonesia.com\/de\/wp-json\/wp\/v2\/product_cat?post=4003"},{"taxonomy":"product_tag","embeddable":true,"href":"https:\/\/visas-indonesia.com\/de\/wp-json\/wp\/v2\/product_tag?post=4003"}],"curies":[{"name":"wp","href":"https:\/\/api.w.org\/{rel}","templated":true}]}}