{"id":3976,"date":"2024-12-03T15:59:35","date_gmt":"2024-12-03T07:59:35","guid":{"rendered":"https:\/\/visas-indonesia.com\/product\/tourist-visa-application-service-b1\/"},"modified":"2025-05-13T06:25:15","modified_gmt":"2025-05-12T22:25:15","slug":"tourist-visa-application-service-b1","status":"publish","type":"product","link":"https:\/\/visas-indonesia.com\/de\/produkt\/tourist-visa-application-service-b1\/","title":{"rendered":"B1 Tourist Visa Antrag (Visa on Arrival &#8211; VoA)"},"content":{"rendered":"<div class=\"row\"  id=\"row-1426514320\">\n\n\t<div id=\"col-1601985766\" class=\"col small-12 large-12\"  >\n\t\t\t\t<div class=\"col-inner\"  >\n\t\t\t\n\t\t\t\n<h3 class=\"accordion_title\">Touristenvisum \u2013 Anforderungen &amp; Details<\/h3><div class=\"accordion\">\r\n\r\n\t<div id=\"accordion-3331591399\" class=\"accordion-item\">\n\t\t<a id=\"accordion-3331591399-label\" class=\"accordion-title plain\" href=\"#accordion-item-b1-visum-\u2013-touristische-zwecke\" aria-expanded=\"false\" aria-controls=\"accordion-3331591399-content\" >\n\t\t\t<button class=\"toggle\" aria-label=\"Umschalten\"><i class=\"icon-angle-down\"><\/i><\/button>\n\t\t\t<span>B1 Visum \u2013 Touristische Zwecke<\/span>\n\t\t<\/a>\n\t\t<div id=\"accordion-3331591399-content\" class=\"accordion-inner\" aria-labelledby=\"accordion-3331591399-label\" >\n\t\t\t\r\n\r\n<h2>Aufenthalt<\/h2>\r\n<p>Bis zu 30 Tage (verl\u00e4ngerbar um weitere 30 Tage mit einer <a href=\"https:\/\/visas-indonesia.com\/product\/tourist-visa-extension-service-b-voa\/\">Visa-Verl\u00e4ngerung<\/a>)<\/p>\r\n<h2>Mit diesem Visum d\u00fcrfen Sie:<\/h2>\r\n<ul>\r\n<li>Aktivit\u00e4ten im Zusammenhang mit Tourismus durchf\u00fchren und Freunde oder Familie besuchen.<\/li>\r\n<li>An Meetings, Events, Konferenzen und Ausstellungen als Teilnehmer teilnehmen.<\/li>\r\n<li>Mit einer Yacht in Indonesien reisen (Yacht-Tourismus).<\/li>\r\n<li>Transit<\/li>\r\n<\/ul>\r\n<h2>Sie m\u00fcssen:<\/h2>\r\n<ul>\r\n<li>Die Gesetze und Vorschriften einhalten.<\/li>\r\n<li>Lokale Br\u00e4uche, Kultur und Werte respektieren.<\/li>\r\n<li>\u00dcber ausreichende finanzielle Mittel f\u00fcr den Aufenthalt in Indonesien verf\u00fcgen.<\/li>\r\n<\/ul>\r\n<h2>Weitere Informationen<\/h2>\r\n<p>Ein \u00dcberschreiten der genehmigten Aufenthaltsdauer, die Aus\u00fcbung verbotener Aktivit\u00e4ten, die Nichteinhaltung der Visabedingungen und\/oder Verst\u00f6\u00dfe gegen indonesische Gesetze k\u00f6nnen zu Geldstrafen, Abschiebung und\/oder anderen rechtlichen Konsequenzen f\u00fchren.<\/p>\r\n<p><strong>Der Verkauf von Waren oder Dienstleistungen ist verboten. Keine bezahlte Arbeit erlaubt.<\/strong><\/p>\r\n<p>Es ist untersagt, Belohnungen oder Geh\u00e4lter von Einzelpersonen oder Unternehmen in Indonesien zu erhalten.<\/p>\r\n<h2>Erforderliche Dokumente<\/h2>\r\n<ul>\r\n<li>Reisepass mit einer G\u00fcltigkeit von mindestens 6 Monaten.<\/li>\r\n<li>Ausreiseticket aus Indonesien.<\/li>\r\n<\/ul>\r\n<h2>Visumg\u00fcltigkeit nach Ausstellung<\/h2>\r\n<p>90 Tage. Sie m\u00fcssen innerhalb von 90 Tagen nach Ausstellung des Visums einreisen!<\/p>\r\n\r\n\t\t<\/div>\n\t<\/div>\n\t\r\n\r\n<\/div>\r\n\n\t\t<\/div>\n\t\t\t\t\t<\/div>\n\n\t\n<\/div>\n","protected":false},"excerpt":{"rendered":"<h4><b>Visumantragsservice<\/b><\/h4>\n<div class=\"row\"  id=\"row-326121877\">\n\n\n\t<div id=\"col-834558626\" class=\"col small-12 large-12\"  >\n\t\t\t\t<div class=\"col-inner box-shadow-2\" style=\"background-color:rgb(236, 255, 253);\" >\n\t\t\t\n\t\t\t\n\n\t<div id=\"gap-286276804\" class=\"gap-element clearfix\" style=\"display:block; height:auto;\">\n\t\t\n<style>\n#gap-286276804 {\n  padding-top: 5px;\n}\n<\/style>\n\t<\/div>\n\t<br><br><p><strong>Gratis Willkommensgeschenk mit Ihrem Visumantrag:<\/strong><br \/><strong><a href=\"https:\/\/bali.com\/balicard\/\" target=\"_blank\" rel=\"noopener\">Die Bali Discountkarte<\/a><\/strong> (<s>USD35<\/s>),\u00a0inkl. <strong>1GB eSIM kostenlos<\/strong>. Erhalten Sie Rabatte bei <strong>200+ sorgf\u00e4ltig ausgew\u00e4hlten Partnern &amp; Aktivit\u00e4ten. <a href=\"https:\/\/bali.com\/balicard\/\" target=\"_blank\" rel=\"noopener\">Info<\/a><\/strong><\/p><br>\n\n\t\t<\/div>\n\t\t\t\t\n<style>\n#col-834558626 > .col-inner {\n  padding: 10px 10px 5px 20px;\n  border-radius: 20px;\n}\n<\/style>\n\t<\/div>\n\n\t\n\n\n<style>\n#row-326121877 > .col > .col-inner {\n  background-color: rgb(236, 255, 253);\n}\n<\/style>\n<\/div>\n<p>Nur beantragen, wenn Ihre Staatsangeh\u00f6rigkeit entsprechend aufgef\u00fchrt ist (EU B\u00fcrger, Schweizer uvm). Jeder Reisende muss einen eigenen Antrag stellen \u2013 auch Kinder jeden Alters.<\/p>\n<ul>\n<li><strong>Touristenvisum \/ Reisezweck B1, auch bekannt als Visa on Arrival (VoA)<\/strong><\/li>\n<li><strong>30 Tage g\u00fcltig (kann um weitere 30 Tage verl\u00e4ngert werden)<\/strong><\/li>\n<li><strong>Wir empfehlen, den Antrag mindestens 4 Werktage vor Ankunft in Indonesien zu stellen<\/strong><\/li>\n<li><strong>Antragsservice durchgef\u00fchrt von PT Bali Wisata Baik<\/strong><\/li>\n<li><strong>Bearbeitungszeit: 1 Werktag (ohne Wochenende)<\/strong><\/li>\n<li><strong>Sie m\u00fcssen innerhalb von 90 Tagen nach Ausstellung des VoA einreisen!<\/strong><\/li>\n<\/ul>\n<p>Geb\u00fchren:\u00a0 Einwanderungsgeb\u00fchr IDR 500.000 + Servicegeb\u00fchr IDR 300.000 (inkl. Zahlungskosten)<\/p>\n","protected":false},"featured_media":2515,"template":"","meta":[],"product_brand":[],"product_cat":[43],"product_tag":[42],"class_list":{"0":"post-3976","1":"product","2":"type-product","3":"status-publish","4":"has-post-thumbnail","6":"product_cat-visa-application-service-de","7":"product_tag-visa-application-de","9":"first","10":"instock","11":"virtual","12":"sold-individually","13":"purchasable","14":"product-type-simple"},"yoast_head":"<!-- This site is optimized with the Yoast SEO plugin v27.4 - https:\/\/yoast.com\/product\/yoast-seo-wordpress\/ -->\n<title>Indonesien Visum f\u00fcr Deutsche, Schweizer, \u00d6sterreicher (EU B\u00fcrger)<\/title>\n<meta name=\"description\" content=\"Balireise - Visum f\u00fcr Indonesien rechtzeitig beantragen. Gratis Discountkarte &amp; 1GB eSIM inklusive. Bali Visa Touristenvisum\" \/>\n<meta name=\"robots\" content=\"index, follow, max-snippet:-1, max-image-preview:large, max-video-preview:-1\" \/>\n<link rel=\"canonical\" href=\"https:\/\/visas-indonesia.com\/de\/produkt\/tourist-visa-application-service-b1\/\" \/>\n<meta property=\"og:locale\" content=\"de_DE\" \/>\n<meta property=\"og:type\" content=\"article\" \/>\n<meta property=\"og:title\" content=\"Indonesien Visum f\u00fcr Deutsche, Schweizer, \u00d6sterreicher (EU B\u00fcrger)\" \/>\n<meta property=\"og:description\" content=\"Balireise - Visum f\u00fcr Indonesien rechtzeitig beantragen. Gratis Discountkarte &amp; 1GB eSIM inklusive. Bali Visa Touristenvisum\" \/>\n<meta property=\"og:url\" content=\"https:\/\/visas-indonesia.com\/de\/produkt\/tourist-visa-application-service-b1\/\" \/>\n<meta property=\"og:site_name\" content=\"Visas for Indonesia\" \/>\n<meta property=\"article:modified_time\" content=\"2025-05-12T22:25:15+00:00\" \/>\n<meta property=\"og:image\" content=\"https:\/\/visas-indonesia.com\/wp-content\/uploads\/2024\/12\/tourist-visa-indonesia-visa-on-arrival-b1-application.jpg\" \/>\n\t<meta property=\"og:image:width\" content=\"640\" \/>\n\t<meta property=\"og:image:height\" content=\"640\" \/>\n\t<meta property=\"og:image:type\" content=\"image\/jpeg\" \/>\n<meta name=\"twitter:card\" content=\"summary_large_image\" \/>\n<meta name=\"twitter:label1\" content=\"Est. reading time\" \/>\n\t<meta name=\"twitter:data1\" content=\"1\u00a0Minute\" \/>\n<script type=\"application\/ld+json\" class=\"yoast-schema-graph\">{\"@context\":\"https:\\\/\\\/schema.org\",\"@graph\":[{\"@type\":\"WebPage\",\"@id\":\"https:\\\/\\\/visas-indonesia.com\\\/de\\\/produkt\\\/tourist-visa-application-service-b1\\\/\",\"url\":\"https:\\\/\\\/visas-indonesia.com\\\/de\\\/produkt\\\/tourist-visa-application-service-b1\\\/\",\"name\":\"Indonesien Visum f\u00fcr Deutsche, Schweizer, \u00d6sterreicher (EU B\u00fcrger)\",\"isPartOf\":{\"@id\":\"https:\\\/\\\/visas-indonesia.com\\\/#website\"},\"primaryImageOfPage\":{\"@id\":\"https:\\\/\\\/visas-indonesia.com\\\/de\\\/produkt\\\/tourist-visa-application-service-b1\\\/#primaryimage\"},\"image\":{\"@id\":\"https:\\\/\\\/visas-indonesia.com\\\/de\\\/produkt\\\/tourist-visa-application-service-b1\\\/#primaryimage\"},\"thumbnailUrl\":\"https:\\\/\\\/visas-indonesia.com\\\/wp-content\\\/uploads\\\/2024\\\/12\\\/tourist-visa-indonesia-visa-on-arrival-b1-application.jpg\",\"datePublished\":\"2024-12-03T07:59:35+00:00\",\"dateModified\":\"2025-05-12T22:25:15+00:00\",\"description\":\"Balireise - Visum f\u00fcr Indonesien rechtzeitig beantragen. Gratis Discountkarte & 1GB eSIM inklusive. Bali Visa Touristenvisum\",\"breadcrumb\":{\"@id\":\"https:\\\/\\\/visas-indonesia.com\\\/de\\\/produkt\\\/tourist-visa-application-service-b1\\\/#breadcrumb\"},\"inLanguage\":\"de\",\"potentialAction\":[{\"@type\":\"ReadAction\",\"target\":[\"https:\\\/\\\/visas-indonesia.com\\\/de\\\/produkt\\\/tourist-visa-application-service-b1\\\/\"]}]},{\"@type\":\"ImageObject\",\"inLanguage\":\"de\",\"@id\":\"https:\\\/\\\/visas-indonesia.com\\\/de\\\/produkt\\\/tourist-visa-application-service-b1\\\/#primaryimage\",\"url\":\"https:\\\/\\\/visas-indonesia.com\\\/wp-content\\\/uploads\\\/2024\\\/12\\\/tourist-visa-indonesia-visa-on-arrival-b1-application.jpg\",\"contentUrl\":\"https:\\\/\\\/visas-indonesia.com\\\/wp-content\\\/uploads\\\/2024\\\/12\\\/tourist-visa-indonesia-visa-on-arrival-b1-application.jpg\",\"width\":640,\"height\":640},{\"@type\":\"BreadcrumbList\",\"@id\":\"https:\\\/\\\/visas-indonesia.com\\\/de\\\/produkt\\\/tourist-visa-application-service-b1\\\/#breadcrumb\",\"itemListElement\":[{\"@type\":\"ListItem\",\"position\":1,\"name\":\"Home\",\"item\":\"https:\\\/\\\/visas-indonesia.com\\\/de\\\/\"},{\"@type\":\"ListItem\",\"position\":2,\"name\":\"Visas\",\"item\":\"https:\\\/\\\/visas-indonesia.com\\\/visas\\\/\"},{\"@type\":\"ListItem\",\"position\":3,\"name\":\"B1 Tourist Visa Antrag (Visa on Arrival &#8211; VoA)\"}]},{\"@type\":\"WebSite\",\"@id\":\"https:\\\/\\\/visas-indonesia.com\\\/#website\",\"url\":\"https:\\\/\\\/visas-indonesia.com\\\/\",\"name\":\"Visas for Indonesia\",\"description\":\"\",\"potentialAction\":[{\"@type\":\"SearchAction\",\"target\":{\"@type\":\"EntryPoint\",\"urlTemplate\":\"https:\\\/\\\/visas-indonesia.com\\\/?s={search_term_string}\"},\"query-input\":{\"@type\":\"PropertyValueSpecification\",\"valueRequired\":true,\"valueName\":\"search_term_string\"}}],\"inLanguage\":\"de\"}]}<\/script>\n<!-- \/ Yoast SEO plugin. -->","yoast_head_json":{"title":"Indonesien Visum f\u00fcr Deutsche, Schweizer, \u00d6sterreicher (EU B\u00fcrger)","description":"Balireise - Visum f\u00fcr Indonesien rechtzeitig beantragen. Gratis Discountkarte & 1GB eSIM inklusive. Bali Visa Touristenvisum","robots":{"index":"index","follow":"follow","max-snippet":"max-snippet:-1","max-image-preview":"max-image-preview:large","max-video-preview":"max-video-preview:-1"},"canonical":"https:\/\/visas-indonesia.com\/de\/produkt\/tourist-visa-application-service-b1\/","og_locale":"de_DE","og_type":"article","og_title":"Indonesien Visum f\u00fcr Deutsche, Schweizer, \u00d6sterreicher (EU B\u00fcrger)","og_description":"Balireise - Visum f\u00fcr Indonesien rechtzeitig beantragen. Gratis Discountkarte & 1GB eSIM inklusive. Bali Visa Touristenvisum","og_url":"https:\/\/visas-indonesia.com\/de\/produkt\/tourist-visa-application-service-b1\/","og_site_name":"Visas for Indonesia","article_modified_time":"2025-05-12T22:25:15+00:00","og_image":[{"width":640,"height":640,"url":"https:\/\/visas-indonesia.com\/wp-content\/uploads\/2024\/12\/tourist-visa-indonesia-visa-on-arrival-b1-application.jpg","type":"image\/jpeg"}],"twitter_card":"summary_large_image","twitter_misc":{"Est. reading time":"1\u00a0Minute"},"schema":{"@context":"https:\/\/schema.org","@graph":[{"@type":"WebPage","@id":"https:\/\/visas-indonesia.com\/de\/produkt\/tourist-visa-application-service-b1\/","url":"https:\/\/visas-indonesia.com\/de\/produkt\/tourist-visa-application-service-b1\/","name":"Indonesien Visum f\u00fcr Deutsche, Schweizer, \u00d6sterreicher (EU B\u00fcrger)","isPartOf":{"@id":"https:\/\/visas-indonesia.com\/#website"},"primaryImageOfPage":{"@id":"https:\/\/visas-indonesia.com\/de\/produkt\/tourist-visa-application-service-b1\/#primaryimage"},"image":{"@id":"https:\/\/visas-indonesia.com\/de\/produkt\/tourist-visa-application-service-b1\/#primaryimage"},"thumbnailUrl":"https:\/\/visas-indonesia.com\/wp-content\/uploads\/2024\/12\/tourist-visa-indonesia-visa-on-arrival-b1-application.jpg","datePublished":"2024-12-03T07:59:35+00:00","dateModified":"2025-05-12T22:25:15+00:00","description":"Balireise - Visum f\u00fcr Indonesien rechtzeitig beantragen. Gratis Discountkarte & 1GB eSIM inklusive. Bali Visa Touristenvisum","breadcrumb":{"@id":"https:\/\/visas-indonesia.com\/de\/produkt\/tourist-visa-application-service-b1\/#breadcrumb"},"inLanguage":"de","potentialAction":[{"@type":"ReadAction","target":["https:\/\/visas-indonesia.com\/de\/produkt\/tourist-visa-application-service-b1\/"]}]},{"@type":"ImageObject","inLanguage":"de","@id":"https:\/\/visas-indonesia.com\/de\/produkt\/tourist-visa-application-service-b1\/#primaryimage","url":"https:\/\/visas-indonesia.com\/wp-content\/uploads\/2024\/12\/tourist-visa-indonesia-visa-on-arrival-b1-application.jpg","contentUrl":"https:\/\/visas-indonesia.com\/wp-content\/uploads\/2024\/12\/tourist-visa-indonesia-visa-on-arrival-b1-application.jpg","width":640,"height":640},{"@type":"BreadcrumbList","@id":"https:\/\/visas-indonesia.com\/de\/produkt\/tourist-visa-application-service-b1\/#breadcrumb","itemListElement":[{"@type":"ListItem","position":1,"name":"Home","item":"https:\/\/visas-indonesia.com\/de\/"},{"@type":"ListItem","position":2,"name":"Visas","item":"https:\/\/visas-indonesia.com\/visas\/"},{"@type":"ListItem","position":3,"name":"B1 Tourist Visa Antrag (Visa on Arrival &#8211; VoA)"}]},{"@type":"WebSite","@id":"https:\/\/visas-indonesia.com\/#website","url":"https:\/\/visas-indonesia.com\/","name":"Visas for Indonesia","description":"","potentialAction":[{"@type":"SearchAction","target":{"@type":"EntryPoint","urlTemplate":"https:\/\/visas-indonesia.com\/?s={search_term_string}"},"query-input":{"@type":"PropertyValueSpecification","valueRequired":true,"valueName":"search_term_string"}}],"inLanguage":"de"}]}},"_links":{"self":[{"href":"https:\/\/visas-indonesia.com\/de\/wp-json\/wp\/v2\/product\/3976","targetHints":{"allow":["GET"]}}],"collection":[{"href":"https:\/\/visas-indonesia.com\/de\/wp-json\/wp\/v2\/product"}],"about":[{"href":"https:\/\/visas-indonesia.com\/de\/wp-json\/wp\/v2\/types\/product"}],"wp:featuredmedia":[{"embeddable":true,"href":"https:\/\/visas-indonesia.com\/de\/wp-json\/wp\/v2\/media\/2515"}],"wp:attachment":[{"href":"https:\/\/visas-indonesia.com\/de\/wp-json\/wp\/v2\/media?parent=3976"}],"wp:term":[{"taxonomy":"product_brand","embeddable":true,"href":"https:\/\/visas-indonesia.com\/de\/wp-json\/wp\/v2\/product_brand?post=3976"},{"taxonomy":"product_cat","embeddable":true,"href":"https:\/\/visas-indonesia.com\/de\/wp-json\/wp\/v2\/product_cat?post=3976"},{"taxonomy":"product_tag","embeddable":true,"href":"https:\/\/visas-indonesia.com\/de\/wp-json\/wp\/v2\/product_tag?post=3976"}],"curies":[{"name":"wp","href":"https:\/\/api.w.org\/{rel}","templated":true}]}}