{"id":2546,"date":"2024-12-06T21:11:48","date_gmt":"2024-12-06T13:11:48","guid":{"rendered":"https:\/\/visas-indonesia.com\/sample-scans-visa-application\/"},"modified":"2025-05-12T20:23:55","modified_gmt":"2025-05-12T12:23:55","slug":"reisepass-beispiel-beantragen-visum-bali","status":"publish","type":"page","link":"https:\/\/visas-indonesia.com\/de\/reisepass-beispiel-beantragen-visum-bali\/","title":{"rendered":"Reisepass Vorlage for Visum beantragen Indonesien"},"content":{"rendered":"\n\t<section class=\"section\" id=\"section_697218285\">\n\t\t<div class=\"section-bg fill\" >\n\t\t\t\t\t\t\t\t\t\n\t\t\t\n\n\t\t<\/div>\n\n\t\t\n\n\t\t<div class=\"section-content relative\">\n\t\t\t\n<div class=\"row\"  id=\"row-2020809804\">\n\n\t<div id=\"col-924116645\" class=\"col small-12 large-12\"  >\n\t\t\t\t<div class=\"col-inner\"  >\n\t\t\t\n\t\t\t\n<p><strong style=\"font-size: 23.04px;\">Diese Anforderungen an Ihren Reisepass sind UNBEDINGT zu beachten, um in Indonesien einreisen zu k\u00f6nnen:<\/strong><\/p>\n<h3><strong>&#8211; <strong style=\"font-size: 23.04px;\">Passg\u00fcltigkeit<\/strong> mindestens 6 Monate<\/strong><\/h3>\n<p>Der Reisepass <strong>MUSS mindestens 6 Monate<\/strong> ab dem Tag, an dem Sie in Indonesien ankommen m\u00f6chten, g\u00fcltig sein. Andernfalls wird der Visumantrag von der Einwanderungsbeh\u00f6rde abgelehnt. <strong>Es gibt keine Ausnahmen.<\/strong><\/p>\n<p>Wenn man abfliegt und das Visum (Visa on Arrival) Am Flughafen beantragen m\u00f6chte, und der Pass ist nicht ausreichend g\u00fcltig, wird man sogar zur\u00fcckgeschickt.<\/p>\n<p>Einige Visa oder Reisedokumente erfordern eine Mindestg\u00fcltigkeit von 12 Monaten.<\/p>\n<p>\u00a0<\/p>\n<h3><strong>&#8211; Dokument in gutem Zustand, nicht besch\u00e4dgt<\/strong><\/h3>\n<p>Falls Ihr Pass bei der Ankunft nicht in gutem Zustand ist, k\u00f6nnten die Einwanderungsbeamten Sie zur\u00fcckschicken. Risse oder Kaffeeflecken usw. k\u00f6nnten Ihren Urlaub beenden, bevor er beginnt.<\/p>\n<p><strong>Reisenden, die mit einem besch\u00e4digten Reisepass oder einem Pass mit nur wenigen Tagen zu geringer G\u00fcltigkeit in Indonesien ankamen, wurde die Einreise verweigert und sie wurden zur\u00fcckgeschickt.<\/strong><\/p>\n\t\t<\/div>\n\t\t\t\t\t<\/div>\n\n\t\n<\/div>\n\t\t<\/div>\n\n\t\t\n<style>\n#section_697218285 {\n  padding-top: 60px;\n  padding-bottom: 60px;\n}\n<\/style>\n\t<\/section>\n\t\n\n\t<section class=\"section\" id=\"section_211733776\">\n\t\t<div class=\"section-bg fill\" >\n\t\t\t\t\t\t\t\t\t\n\t\t\t\n\n\t\t<\/div>\n\n\t\t\n\n\t\t<div class=\"section-content relative\">\n\t\t\t\n<div class=\"row align-center\"  id=\"row-1232918149\">\n\n\t<div id=\"col-1346558630\" class=\"col small-12 large-12\"  >\n\t\t\t\t<div class=\"col-inner\"  >\n\t\t\t\n\t\t\t\n<h2><strong>F\u00fcr den Visumsantrag:<\/strong><\/h2>\n<h2><strong>Reisepass Scans &amp; korrekte Passfotos<\/strong><\/h2>\n<h4>Um Verz\u00f6gerungen bei Ihrem Visumantrag zu vermeiden, stellen Sie bitte sicher, dass Ihre Dokumente den Anforderungen entsprechen<\/h4>\n\t\t<\/div>\n\t\t\t\t\t<\/div>\n\n\t\n\n\t<div id=\"col-1343523227\" class=\"col medium-6 small-12 large-6\"  >\n\t\t\t\t<div class=\"col-inner\"  >\n\t\t\t\n\t\t\t\n<h2><strong>1. Anforderungen an den Reisepass um das Indonesien Visum zu beantragen<\/strong><\/h2>\n<ul>\n<li><strong>Keine Finger oder andere Objekte auf dem Bild sichtbar<\/strong><\/li>\n<li>Komplette Seite des Passes, 100% sichtbar<\/li>\n<li>Ordentlich geschnitten (keine R\u00e4nder oder Hintergrund sichtbar)<\/li>\n<li>Keine Reflexionen, nicht verschwommen. Das Foto muss klar und scharf sein<\/li>\n<li>Horizontal<\/li>\n<\/ul>\n\t<div id=\"text-84554844\" class=\"text\">\n\t\t\n<p><strong>Hinweis: Bei einigen Nationalit\u00e4ten sind die Unterschrift oder die Angabe des Geburtsortes nicht auf der Hauptseite. Falls dies auf Sie zutrifft, stellen Sie bitte eine zus\u00e4tzliche Kopie zur Verf\u00fcgung, die diese Angaben zeigt.<\/strong><\/p>\n\t\t\n<style>\n#text-84554844 {\n  text-align: left;\n}\n<\/style>\n\t<\/div>\n\t\n\t\t<\/div>\n\t\t\t\t\t<\/div>\n\n\t\n\n\t<div id=\"col-1152273305\" class=\"col medium-6 small-12 large-6\"  >\n\t\t\t\t<div class=\"col-inner\"  >\n\t\t\t\n\t\t\t\n<h2>Die Hauptpassseite<\/h2>\n\t<div class=\"img has-hover x md-x lg-x y md-y lg-y\" id=\"image_1179294816\">\n\t\t\t\t\t\t\t\t<div class=\"img-inner dark\" >\n\t\t\t<img loading=\"lazy\" decoding=\"async\" width=\"805\" height=\"482\" src=\"https:\/\/visas-indonesia.com\/wp-content\/uploads\/2024\/11\/passport-scan-requirements-800-bali-indonesia-visa.webp\" class=\"attachment-large size-large\" alt=\"\" srcset=\"https:\/\/visas-indonesia.com\/wp-content\/uploads\/2024\/11\/passport-scan-requirements-800-bali-indonesia-visa.webp 805w, https:\/\/visas-indonesia.com\/wp-content\/uploads\/2024\/11\/passport-scan-requirements-800-bali-indonesia-visa-600x359.webp 600w, https:\/\/visas-indonesia.com\/wp-content\/uploads\/2024\/11\/passport-scan-requirements-800-bali-indonesia-visa-300x180.webp 300w, https:\/\/visas-indonesia.com\/wp-content\/uploads\/2024\/11\/passport-scan-requirements-800-bali-indonesia-visa-768x460.webp 768w\" sizes=\"auto, (max-width: 805px) 100vw, 805px\" \/>\t\t\t\t\t\t\n\t\t\t\t\t<\/div>\n\t\t\t\t\t\t\t\t\n<style>\n#image_1179294816 {\n  width: 100%;\n}\n<\/style>\n\t<\/div>\n\t\n\t<div id=\"text-3216836231\" class=\"text\">\n\t\t\n\t\t\n<style>\n#text-3216836231 {\n  text-align: left;\n}\n<\/style>\n\t<\/div>\n\t\n\t\t<\/div>\n\t\t\t\t\t<\/div>\n\n\t\n<\/div>\n\t\t<\/div>\n\n\t\t\n<style>\n#section_211733776 {\n  padding-top: 60px;\n  padding-bottom: 60px;\n}\n<\/style>\n\t<\/section>\n\t\n\n\t<section class=\"section\" id=\"section_353637900\">\n\t\t<div class=\"section-bg fill\" >\n\t\t\t\t\t\t\t\t\t\n\t\t\t\n\n\t\t<\/div>\n\n\t\t\n\n\t\t<div class=\"section-content relative\">\n\t\t\t\n<div class=\"row align-center\"  id=\"row-1370148929\">\n\n\t<div id=\"col-61857026\" class=\"col medium-6 small-12 large-6\"  >\n\t\t\t\t<div class=\"col-inner\"  >\n\t\t\t\n\t\t\t\n<h2><strong>2. Passfoto<\/strong><strong>-Anforderungen<\/strong><\/h2>\n<ul>\n<li><strong>Maximal 3 Monate alt!<\/strong><\/li>\n<li><strong>Keinerlei Gesichtsausdr\u00fccke<\/strong><\/li>\n<li>Komplettes Portr\u00e4t, direkt in die Kamera schauen<\/li>\n<li>Wei\u00dfer \/ neutraler Hintergrund, keine Objekte<\/li>\n<li>Keine H\u00fcte, Brillen, Kopfh\u00f6rer<\/li>\n<li>Ein korrektes Selfie vor einer wei\u00dfen Wand ist erlaubt<\/li>\n<\/ul>\n<p>Die Anforderungen f\u00fcr offizielle Passfotos sind sehr streng. Stellen Sie sicher, dass Ihr hochgeladenes Foto den Vorgaben entspricht.<\/p>\n\t\t<\/div>\n\t\t\t\t\t<\/div>\n\n\t\n\n\t<div id=\"col-1062957540\" class=\"col medium-6 small-12 large-6\"  >\n\t\t\t\t<div class=\"col-inner\"  >\n\t\t\t\n\t\t\t\n<h2>Farbfoto-Anforderungen<\/h2>\n\t<div class=\"img has-hover x md-x lg-x y md-y lg-y\" id=\"image_572225322\">\n\t\t\t\t\t\t\t\t<div class=\"img-inner dark\" >\n\t\t\t<img loading=\"lazy\" decoding=\"async\" width=\"588\" height=\"228\" src=\"https:\/\/visas-indonesia.com\/wp-content\/uploads\/2024\/11\/passport_photos.jpg\" class=\"attachment-large size-large\" alt=\"\" srcset=\"https:\/\/visas-indonesia.com\/wp-content\/uploads\/2024\/11\/passport_photos.jpg 588w, https:\/\/visas-indonesia.com\/wp-content\/uploads\/2024\/11\/passport_photos-300x116.jpg 300w\" sizes=\"auto, (max-width: 588px) 100vw, 588px\" \/>\t\t\t\t\t\t\n\t\t\t\t\t<\/div>\n\t\t\t\t\t\t\t\t\n<style>\n#image_572225322 {\n  width: 100%;\n}\n<\/style>\n\t<\/div>\n\t\n\t\t<\/div>\n\t\t\t\t\t<\/div>\n\n\t\n<\/div>\n\t\t<\/div>\n\n\t\t\n<style>\n#section_353637900 {\n  padding-top: 30px;\n  padding-bottom: 30px;\n}\n<\/style>\n\t<\/section>\n\t\n\t<div id=\"gap-137609813\" class=\"gap-element clearfix\" style=\"display:block; height:auto;\">\n\t\t\n<style>\n#gap-137609813 {\n  padding-top: 60px;\n}\n<\/style>\n\t<\/div>\n\t\n","protected":false},"excerpt":{"rendered":"","protected":false},"author":1,"featured_media":0,"parent":0,"menu_order":0,"comment_status":"closed","ping_status":"closed","template":"","meta":{"footnotes":""},"class_list":["post-2546","page","type-page","status-publish","hentry"],"yoast_head":"<!-- This site is optimized with the Yoast SEO plugin v27.3 - https:\/\/yoast.com\/product\/yoast-seo-wordpress\/ -->\n<title>Reisepass Vorlage for Visum beantragen Indonesien<\/title>\n<meta name=\"description\" content=\"Vorlage, wie der Reisepass gescannt werden muss, um f\u00fcr Indonesien ein Visum zu beantragen. Passbild, und Anforderungen\" \/>\n<meta name=\"robots\" content=\"index, follow, max-snippet:-1, max-image-preview:large, max-video-preview:-1\" \/>\n<link rel=\"canonical\" href=\"https:\/\/visas-indonesia.com\/de\/reisepass-beispiel-beantragen-visum-bali\/\" \/>\n<meta property=\"og:locale\" content=\"de_DE\" \/>\n<meta property=\"og:type\" content=\"article\" \/>\n<meta property=\"og:title\" content=\"Reisepass Vorlage for Visum beantragen Indonesien\" \/>\n<meta property=\"og:description\" content=\"Vorlage, wie der Reisepass gescannt werden muss, um f\u00fcr Indonesien ein Visum zu beantragen. Passbild, und Anforderungen\" \/>\n<meta property=\"og:url\" content=\"https:\/\/visas-indonesia.com\/de\/reisepass-beispiel-beantragen-visum-bali\/\" \/>\n<meta property=\"og:site_name\" content=\"Visas for Indonesia\" \/>\n<meta property=\"article:modified_time\" content=\"2025-05-12T12:23:55+00:00\" \/>\n<meta name=\"twitter:card\" content=\"summary_large_image\" \/>\n<meta name=\"twitter:label1\" content=\"Est. reading time\" \/>\n\t<meta name=\"twitter:data1\" content=\"2\u00a0Minuten\" \/>\n<script type=\"application\/ld+json\" class=\"yoast-schema-graph\">{\"@context\":\"https:\\\/\\\/schema.org\",\"@graph\":[{\"@type\":\"WebPage\",\"@id\":\"https:\\\/\\\/visas-indonesia.com\\\/de\\\/reisepass-beispiel-beantragen-visum-bali\\\/\",\"url\":\"https:\\\/\\\/visas-indonesia.com\\\/de\\\/reisepass-beispiel-beantragen-visum-bali\\\/\",\"name\":\"Reisepass Vorlage for Visum beantragen Indonesien\",\"isPartOf\":{\"@id\":\"https:\\\/\\\/visas-indonesia.com\\\/#website\"},\"datePublished\":\"2024-12-06T13:11:48+00:00\",\"dateModified\":\"2025-05-12T12:23:55+00:00\",\"description\":\"Vorlage, wie der Reisepass gescannt werden muss, um f\u00fcr Indonesien ein Visum zu beantragen. Passbild, und Anforderungen\",\"breadcrumb\":{\"@id\":\"https:\\\/\\\/visas-indonesia.com\\\/de\\\/reisepass-beispiel-beantragen-visum-bali\\\/#breadcrumb\"},\"inLanguage\":\"de\",\"potentialAction\":[{\"@type\":\"ReadAction\",\"target\":[\"https:\\\/\\\/visas-indonesia.com\\\/de\\\/reisepass-beispiel-beantragen-visum-bali\\\/\"]}]},{\"@type\":\"BreadcrumbList\",\"@id\":\"https:\\\/\\\/visas-indonesia.com\\\/de\\\/reisepass-beispiel-beantragen-visum-bali\\\/#breadcrumb\",\"itemListElement\":[{\"@type\":\"ListItem\",\"position\":1,\"name\":\"Home\",\"item\":\"https:\\\/\\\/visas-indonesia.com\\\/de\\\/\"},{\"@type\":\"ListItem\",\"position\":2,\"name\":\"Reisepass Vorlage for Visum beantragen Indonesien\"}]},{\"@type\":\"WebSite\",\"@id\":\"https:\\\/\\\/visas-indonesia.com\\\/#website\",\"url\":\"https:\\\/\\\/visas-indonesia.com\\\/\",\"name\":\"Visas for Indonesia\",\"description\":\"\",\"potentialAction\":[{\"@type\":\"SearchAction\",\"target\":{\"@type\":\"EntryPoint\",\"urlTemplate\":\"https:\\\/\\\/visas-indonesia.com\\\/?s={search_term_string}\"},\"query-input\":{\"@type\":\"PropertyValueSpecification\",\"valueRequired\":true,\"valueName\":\"search_term_string\"}}],\"inLanguage\":\"de\"}]}<\/script>\n<!-- \/ Yoast SEO plugin. -->","yoast_head_json":{"title":"Reisepass Vorlage for Visum beantragen Indonesien","description":"Vorlage, wie der Reisepass gescannt werden muss, um f\u00fcr Indonesien ein Visum zu beantragen. Passbild, und Anforderungen","robots":{"index":"index","follow":"follow","max-snippet":"max-snippet:-1","max-image-preview":"max-image-preview:large","max-video-preview":"max-video-preview:-1"},"canonical":"https:\/\/visas-indonesia.com\/de\/reisepass-beispiel-beantragen-visum-bali\/","og_locale":"de_DE","og_type":"article","og_title":"Reisepass Vorlage for Visum beantragen Indonesien","og_description":"Vorlage, wie der Reisepass gescannt werden muss, um f\u00fcr Indonesien ein Visum zu beantragen. Passbild, und Anforderungen","og_url":"https:\/\/visas-indonesia.com\/de\/reisepass-beispiel-beantragen-visum-bali\/","og_site_name":"Visas for Indonesia","article_modified_time":"2025-05-12T12:23:55+00:00","twitter_card":"summary_large_image","twitter_misc":{"Est. reading time":"2\u00a0Minuten"},"schema":{"@context":"https:\/\/schema.org","@graph":[{"@type":"WebPage","@id":"https:\/\/visas-indonesia.com\/de\/reisepass-beispiel-beantragen-visum-bali\/","url":"https:\/\/visas-indonesia.com\/de\/reisepass-beispiel-beantragen-visum-bali\/","name":"Reisepass Vorlage for Visum beantragen Indonesien","isPartOf":{"@id":"https:\/\/visas-indonesia.com\/#website"},"datePublished":"2024-12-06T13:11:48+00:00","dateModified":"2025-05-12T12:23:55+00:00","description":"Vorlage, wie der Reisepass gescannt werden muss, um f\u00fcr Indonesien ein Visum zu beantragen. Passbild, und Anforderungen","breadcrumb":{"@id":"https:\/\/visas-indonesia.com\/de\/reisepass-beispiel-beantragen-visum-bali\/#breadcrumb"},"inLanguage":"de","potentialAction":[{"@type":"ReadAction","target":["https:\/\/visas-indonesia.com\/de\/reisepass-beispiel-beantragen-visum-bali\/"]}]},{"@type":"BreadcrumbList","@id":"https:\/\/visas-indonesia.com\/de\/reisepass-beispiel-beantragen-visum-bali\/#breadcrumb","itemListElement":[{"@type":"ListItem","position":1,"name":"Home","item":"https:\/\/visas-indonesia.com\/de\/"},{"@type":"ListItem","position":2,"name":"Reisepass Vorlage for Visum beantragen Indonesien"}]},{"@type":"WebSite","@id":"https:\/\/visas-indonesia.com\/#website","url":"https:\/\/visas-indonesia.com\/","name":"Visas for Indonesia","description":"","potentialAction":[{"@type":"SearchAction","target":{"@type":"EntryPoint","urlTemplate":"https:\/\/visas-indonesia.com\/?s={search_term_string}"},"query-input":{"@type":"PropertyValueSpecification","valueRequired":true,"valueName":"search_term_string"}}],"inLanguage":"de"}]}},"_links":{"self":[{"href":"https:\/\/visas-indonesia.com\/de\/wp-json\/wp\/v2\/pages\/2546","targetHints":{"allow":["GET"]}}],"collection":[{"href":"https:\/\/visas-indonesia.com\/de\/wp-json\/wp\/v2\/pages"}],"about":[{"href":"https:\/\/visas-indonesia.com\/de\/wp-json\/wp\/v2\/types\/page"}],"author":[{"embeddable":true,"href":"https:\/\/visas-indonesia.com\/de\/wp-json\/wp\/v2\/users\/1"}],"replies":[{"embeddable":true,"href":"https:\/\/visas-indonesia.com\/de\/wp-json\/wp\/v2\/comments?post=2546"}],"version-history":[{"count":6,"href":"https:\/\/visas-indonesia.com\/de\/wp-json\/wp\/v2\/pages\/2546\/revisions"}],"predecessor-version":[{"id":3933,"href":"https:\/\/visas-indonesia.com\/de\/wp-json\/wp\/v2\/pages\/2546\/revisions\/3933"}],"wp:attachment":[{"href":"https:\/\/visas-indonesia.com\/de\/wp-json\/wp\/v2\/media?parent=2546"}],"curies":[{"name":"wp","href":"https:\/\/api.w.org\/{rel}","templated":true}]}}